{"id":13,"date":"2021-07-13T11:45:36","date_gmt":"2021-07-13T11:45:36","guid":{"rendered":"https:\/\/ifingerstudio.com\/insubux\/?page_id=13"},"modified":"2023-12-27T16:13:55","modified_gmt":"2023-12-27T22:13:55","slug":"contacto","status":"publish","type":"page","link":"https:\/\/segurookay.com\/index.php\/contacto\/","title":{"rendered":"Contacto"},"content":{"rendered":"\t\t<div data-elementor-type=\"wp-page\" data-elementor-id=\"13\" class=\"elementor elementor-13\">\n\t\t\t\t\t\t\t\t\t<section class=\"elementor-section elementor-top-section elementor-element elementor-element-9e4f7aa elementor-section-full_width elementor-section-height-default elementor-section-height-default\" data-id=\"9e4f7aa\" data-element_type=\"section\">\n\t\t\t\t\t\t<div class=\"elementor-container elementor-column-gap-default\">\n\t\t\t\t\t<div class=\"elementor-column elementor-col-100 elementor-top-column elementor-element elementor-element-4e4897c\" data-id=\"4e4897c\" data-element_type=\"column\">\n\t\t\t<div class=\"elementor-widget-wrap elementor-element-populated\">\n\t\t\t\t\t\t\t\t<div class=\"elementor-element elementor-element-4940067 elementor-widget elementor-widget-google_maps\" data-id=\"4940067\" data-element_type=\"widget\" data-widget_type=\"google_maps.default\">\n\t\t\t\t<div class=\"elementor-widget-container\">\n\t\t\t<style>\/*! elementor - v3.18.0 - 20-12-2023 *\/\n.elementor-widget-google_maps .elementor-widget-container{overflow:hidden}.elementor-widget-google_maps .elementor-custom-embed{line-height:0}.elementor-widget-google_maps iframe{height:300px}<\/style>\t\t<div class=\"elementor-custom-embed\">\n\t\t\t<iframe loading=\"lazy\"\n\t\t\t\t\tsrc=\"https:\/\/maps.google.com\/maps?q=ciudad%20de%20m%C3%A9xico&#038;t=m&#038;z=10&#038;output=embed&#038;iwloc=near\"\n\t\t\t\t\ttitle=\"ciudad de m\u00e9xico\"\n\t\t\t\t\taria-label=\"ciudad de m\u00e9xico\"\n\t\t\t><\/iframe>\n\t\t<\/div>\n\t\t\t\t<\/div>\n\t\t\t\t<\/div>\n\t\t\t\t\t<\/div>\n\t\t<\/div>\n\t\t\t\t\t\t\t<\/div>\n\t\t<\/section>\n\t\t\t\t<section class=\"elementor-section elementor-top-section elementor-element elementor-element-0c067bb elementor-section-boxed elementor-section-height-default elementor-section-height-default\" data-id=\"0c067bb\" data-element_type=\"section\">\n\t\t\t\t\t\t<div class=\"elementor-container elementor-column-gap-default\">\n\t\t\t\t\t<div class=\"elementor-column elementor-col-33 elementor-top-column elementor-element elementor-element-68247c7\" data-id=\"68247c7\" data-element_type=\"column\">\n\t\t\t<div class=\"elementor-widget-wrap elementor-element-populated\">\n\t\t\t\t\t\t\t\t<div class=\"elementor-element elementor-element-12100dc elementor-widget elementor-widget-contact-box-two\" data-id=\"12100dc\" data-element_type=\"widget\" data-widget_type=\"contact-box-two.default\">\n\t\t\t\t<div class=\"elementor-widget-container\">\n\t\t\t\n\t  \t<div class=\"contact-info-item text-center\">\n\t      <div class=\"icon\">\n\t         \t         \t<i class=\"flaticon-phone-call\"><\/i>\n\t         \t      <\/div>\n\t      <div class=\"content\">\n\t         \t        \t\t<h3 class=\"title\">Tel\u00e9fono<\/h3>\n\t     \t\t\t        \t<span >+098 098 0976 98 8<\/span>\n\t        \t<span ><\/span>\n\t     \t<\/div>\n\t  \t<\/div>\n\n\t\t\t<\/div>\n\t\t\t\t<\/div>\n\t\t\t\t\t<\/div>\n\t\t<\/div>\n\t\t\t\t<div class=\"elementor-column elementor-col-33 elementor-top-column elementor-element elementor-element-f4c1072\" data-id=\"f4c1072\" data-element_type=\"column\">\n\t\t\t<div class=\"elementor-widget-wrap elementor-element-populated\">\n\t\t\t\t\t\t\t\t<div class=\"elementor-element elementor-element-8844a46 elementor-widget elementor-widget-contact-box-two\" data-id=\"8844a46\" data-element_type=\"widget\" data-widget_type=\"contact-box-two.default\">\n\t\t\t\t<div class=\"elementor-widget-container\">\n\t\t\t\n\t  \t<div class=\"contact-info-item text-center\">\n\t      <div class=\"icon\">\n\t         \t         \t<i class=\"ficon flaticon-open-email\"><\/i>\n\t         \t      <\/div>\n\t      <div class=\"content\">\n\t         \t        \t\t<h3 class=\"title\">Correo<\/h3>\n\t     \t\t\t        \t<span >info@segurookay.com<\/span>\n\t        \t<span ><\/span>\n\t     \t<\/div>\n\t  \t<\/div>\n\n\t\t\t<\/div>\n\t\t\t\t<\/div>\n\t\t\t\t\t<\/div>\n\t\t<\/div>\n\t\t\t\t<div class=\"elementor-column elementor-col-33 elementor-top-column elementor-element elementor-element-22e19f7\" data-id=\"22e19f7\" data-element_type=\"column\">\n\t\t\t<div class=\"elementor-widget-wrap elementor-element-populated\">\n\t\t\t\t\t\t\t\t<div class=\"elementor-element elementor-element-04f865f elementor-widget elementor-widget-contact-box-two\" data-id=\"04f865f\" data-element_type=\"widget\" data-widget_type=\"contact-box-two.default\">\n\t\t\t\t<div class=\"elementor-widget-container\">\n\t\t\t\n\t  \t<div class=\"contact-info-item text-center\">\n\t      <div class=\"icon\">\n\t         \t         \t<i class=\"ficon flaticon-location\"><\/i>\n\t         \t      <\/div>\n\t      <div class=\"content\">\n\t         \t        \t\t<h3 class=\"title\">Ubicaci\u00f3n<\/h3>\n\t     \t\t\t        \t<span >Ciudad de M\u00e9xico<\/span>\n\t        \t<span ><\/span>\n\t     \t<\/div>\n\t  \t<\/div>\n\n\t\t\t<\/div>\n\t\t\t\t<\/div>\n\t\t\t\t\t<\/div>\n\t\t<\/div>\n\t\t\t\t\t\t\t<\/div>\n\t\t<\/section>\n\t\t\t\t<section class=\"elementor-section elementor-top-section elementor-element elementor-element-ed8283c get-in-touch-responsive elementor-section-boxed elementor-section-height-default elementor-section-height-default\" data-id=\"ed8283c\" data-element_type=\"section\">\n\t\t\t\t\t\t<div class=\"elementor-container elementor-column-gap-default\">\n\t\t\t\t\t<div class=\"elementor-column elementor-col-50 elementor-top-column elementor-element elementor-element-de6493c\" data-id=\"de6493c\" data-element_type=\"column\">\n\t\t\t<div class=\"elementor-widget-wrap elementor-element-populated\">\n\t\t\t\t\t\t\t\t<section class=\"elementor-section elementor-inner-section elementor-element elementor-element-c44a4d7 elementor-section-boxed elementor-section-height-default elementor-section-height-default\" data-id=\"c44a4d7\" data-element_type=\"section\">\n\t\t\t\t\t\t<div class=\"elementor-container elementor-column-gap-default\">\n\t\t\t\t\t<div class=\"elementor-column elementor-col-100 elementor-inner-column elementor-element elementor-element-df3687c\" data-id=\"df3687c\" data-element_type=\"column\">\n\t\t\t<div class=\"elementor-widget-wrap elementor-element-populated\">\n\t\t\t\t\t\t\t\t<div class=\"elementor-element elementor-element-33f55bd elementor-widget elementor-widget-section-head-two\" data-id=\"33f55bd\" data-element_type=\"widget\" data-widget_type=\"section-head-two.default\">\n\t\t\t\t<div class=\"elementor-widget-container\">\n\t\t\t\t\t\t\t\t\t<div class=\"section-title-two text-left\">\n\t\t\t\t\t\t\t\t            <span class=\"sub-title\"> Mantente en contacto <\/span>\n\t\t            \t\t            \t\t\t            <h2 class=\"title\"> No dudes en contactarnos para cualquier informaci\u00f3n. <\/h2>\n\t\t            \t\t            \t\t        <\/div>\n\t\t\t\t\t<\/div>\n\t\t\t\t<\/div>\n\t\t\t\t\t<\/div>\n\t\t<\/div>\n\t\t\t\t\t\t\t<\/div>\n\t\t<\/section>\n\t\t\t\t<section class=\"elementor-section elementor-inner-section elementor-element elementor-element-0cd9c2f elementor-section-boxed elementor-section-height-default elementor-section-height-default\" data-id=\"0cd9c2f\" data-element_type=\"section\">\n\t\t\t\t\t\t<div class=\"elementor-container elementor-column-gap-default\">\n\t\t\t\t\t<div class=\"elementor-column elementor-col-100 elementor-inner-column elementor-element elementor-element-4a47ac6\" data-id=\"4a47ac6\" data-element_type=\"column\">\n\t\t\t<div class=\"elementor-widget-wrap elementor-element-populated\">\n\t\t\t\t\t\t\t\t<div class=\"elementor-element elementor-element-eded441 elementor-widget elementor-widget-heading\" data-id=\"eded441\" data-element_type=\"widget\" data-widget_type=\"heading.default\">\n\t\t\t\t<div class=\"elementor-widget-container\">\n\t\t\t<style>\/*! elementor - v3.18.0 - 20-12-2023 *\/\n.elementor-heading-title{padding:0;margin:0;line-height:1}.elementor-widget-heading .elementor-heading-title[class*=elementor-size-]>a{color:inherit;font-size:inherit;line-height:inherit}.elementor-widget-heading .elementor-heading-title.elementor-size-small{font-size:15px}.elementor-widget-heading .elementor-heading-title.elementor-size-medium{font-size:19px}.elementor-widget-heading .elementor-heading-title.elementor-size-large{font-size:29px}.elementor-widget-heading .elementor-heading-title.elementor-size-xl{font-size:39px}.elementor-widget-heading .elementor-heading-title.elementor-size-xxl{font-size:59px}<\/style><p class=\"elementor-heading-title elementor-size-default\">Ll\u00e1manos para soporte imitado a este n\u00famero.<\/p>\t\t<\/div>\n\t\t\t\t<\/div>\n\t\t\t\t\t<\/div>\n\t\t<\/div>\n\t\t\t\t\t\t\t<\/div>\n\t\t<\/section>\n\t\t\t\t<section class=\"elementor-section elementor-inner-section elementor-element elementor-element-4d769c8 elementor-section-boxed elementor-section-height-default elementor-section-height-default\" data-id=\"4d769c8\" data-element_type=\"section\">\n\t\t\t\t\t\t<div class=\"elementor-container elementor-column-gap-default\">\n\t\t\t\t\t<div class=\"elementor-column elementor-col-100 elementor-inner-column elementor-element elementor-element-0a07272\" data-id=\"0a07272\" data-element_type=\"column\">\n\t\t\t<div class=\"elementor-widget-wrap elementor-element-populated\">\n\t\t\t\t\t\t\t\t<div class=\"elementor-element elementor-element-b184cba elementor-widget elementor-widget-heading\" data-id=\"b184cba\" data-element_type=\"widget\" data-widget_type=\"heading.default\">\n\t\t\t\t<div class=\"elementor-widget-container\">\n\t\t\t<h4 class=\"elementor-heading-title elementor-size-default\">880 876 65 455<\/h4>\t\t<\/div>\n\t\t\t\t<\/div>\n\t\t\t\t\t<\/div>\n\t\t<\/div>\n\t\t\t\t\t\t\t<\/div>\n\t\t<\/section>\n\t\t\t\t\t<\/div>\n\t\t<\/div>\n\t\t\t\t<div class=\"elementor-column elementor-col-50 elementor-top-column elementor-element elementor-element-a7fad92 inline-label\" data-id=\"a7fad92\" data-element_type=\"column\">\n\t\t\t<div class=\"elementor-widget-wrap elementor-element-populated\">\n\t\t\t\t\t\t\t\t<div class=\"elementor-element elementor-element-f9b58dd h2-form elementor-widget elementor-widget-shortcode\" data-id=\"f9b58dd\" data-element_type=\"widget\" data-widget_type=\"shortcode.default\">\n\t\t\t\t<div class=\"elementor-widget-container\">\n\t\t\t\t\t<div class=\"elementor-shortcode\">\n<div class=\"wpcf7 no-js\" id=\"wpcf7-f1076-o1\" lang=\"en-US\" dir=\"ltr\">\n<div class=\"screen-reader-response\"><p role=\"status\" aria-live=\"polite\" aria-atomic=\"true\"><\/p> <ul><\/ul><\/div>\n<form action=\"\/index.php\/wp-json\/wp\/v2\/pages\/13#wpcf7-f1076-o1\" method=\"post\" class=\"wpcf7-form init\" aria-label=\"Contact form\" novalidate=\"novalidate\" data-status=\"init\">\n<div style=\"display: none;\">\n<input type=\"hidden\" name=\"_wpcf7\" value=\"1076\" \/>\n<input type=\"hidden\" name=\"_wpcf7_version\" value=\"5.8.5\" \/>\n<input type=\"hidden\" name=\"_wpcf7_locale\" value=\"en_US\" \/>\n<input type=\"hidden\" name=\"_wpcf7_unit_tag\" value=\"wpcf7-f1076-o1\" \/>\n<input type=\"hidden\" name=\"_wpcf7_container_post\" value=\"0\" \/>\n<input type=\"hidden\" name=\"_wpcf7_posted_data_hash\" value=\"\" \/>\n<\/div>\n<p><label><span class=\"wpcf7-form-control-wrap\" data-name=\"your-email\"><input size=\"40\" class=\"wpcf7-form-control wpcf7-email wpcf7-validates-as-required wpcf7-text wpcf7-validates-as-email\" aria-required=\"true\" aria-invalid=\"false\" placeholder=\"Your email\" value=\"\" type=\"email\" name=\"your-email\" \/><\/span> <\/label>\n<\/p>\n<p><label><span class=\"wpcf7-form-control-wrap\" data-name=\"your-subject\"><input size=\"40\" class=\"wpcf7-form-control wpcf7-text wpcf7-validates-as-required\" aria-required=\"true\" aria-invalid=\"false\" placeholder=\"Subject\" value=\"\" type=\"text\" name=\"your-subject\" \/><\/span> <\/label>\n<\/p>\n<p><label><span class=\"wpcf7-form-control-wrap\" data-name=\"your-message\"><textarea cols=\"40\" rows=\"10\" class=\"wpcf7-form-control wpcf7-textarea\" aria-invalid=\"false\" placeholder=\"Your message\" name=\"your-message\"><\/textarea><\/span> <\/label>\n<\/p>\n<p><button class=\"btn\">Get A Quote <i class=\"fal fa-angle-right\"><\/i><\/button>\n<\/p><div class=\"wpcf7-response-output\" aria-hidden=\"true\"><\/div>\n<\/form>\n<\/div>\n<\/div>\n\t\t\t\t<\/div>\n\t\t\t\t<\/div>\n\t\t\t\t\t<\/div>\n\t\t<\/div>\n\t\t\t\t\t\t\t<\/div>\n\t\t<\/section>\n\t\t\t\t\t\t\t<\/div>\n\t\t","protected":false},"excerpt":{"rendered":"<p>Tel\u00e9fono +098 098 0976 98 8 Correo info@segurookay.com Ubicaci\u00f3n Ciudad de M\u00e9xico Mantente en contacto No dudes en contactarnos para cualquier informaci\u00f3n. Ll\u00e1manos para soporte imitado a este n\u00famero. 880 876 65 455<\/p>\n","protected":false},"author":1,"featured_media":0,"parent":0,"menu_order":0,"comment_status":"closed","ping_status":"closed","template":"page-template\/blank-page-sidebar.php","meta":{"footnotes":""},"_links":{"self":[{"href":"https:\/\/segurookay.com\/index.php\/wp-json\/wp\/v2\/pages\/13"}],"collection":[{"href":"https:\/\/segurookay.com\/index.php\/wp-json\/wp\/v2\/pages"}],"about":[{"href":"https:\/\/segurookay.com\/index.php\/wp-json\/wp\/v2\/types\/page"}],"author":[{"embeddable":true,"href":"https:\/\/segurookay.com\/index.php\/wp-json\/wp\/v2\/users\/1"}],"replies":[{"embeddable":true,"href":"https:\/\/segurookay.com\/index.php\/wp-json\/wp\/v2\/comments?post=13"}],"version-history":[{"count":22,"href":"https:\/\/segurookay.com\/index.php\/wp-json\/wp\/v2\/pages\/13\/revisions"}],"predecessor-version":[{"id":3388,"href":"https:\/\/segurookay.com\/index.php\/wp-json\/wp\/v2\/pages\/13\/revisions\/3388"}],"wp:attachment":[{"href":"https:\/\/segurookay.com\/index.php\/wp-json\/wp\/v2\/media?parent=13"}],"curies":[{"name":"wp","href":"https:\/\/api.w.org\/{rel}","templated":true}]}}